{"id":1170,"date":"2023-03-01T11:12:58","date_gmt":"2023-03-01T11:12:58","guid":{"rendered":"http:\/\/freenwind.freen.com\/?page_id=3"},"modified":"2026-02-06T09:29:24","modified_gmt":"2026-02-06T07:29:24","slug":"privacy-policy","status":"publish","type":"page","link":"https:\/\/sunsa.ee\/et\/privacy-policy\/","title":{"rendered":"Privaatsuspoliitika"},"content":{"rendered":"<div data-elementor-type=\"wp-page\" data-elementor-id=\"1170\" class=\"elementor elementor-1170\">\n\t\t\t\t\t\t<section class=\"elementor-section elementor-top-section elementor-element elementor-element-29b93339 elementor-section-boxed elementor-section-height-default elementor-section-height-default wpr-particle-no wpr-jarallax-no wpr-parallax-no wpr-sticky-section-no\" data-id=\"29b93339\" data-element_type=\"section\" data-e-type=\"section\">\n\t\t\t\t\t\t<div class=\"elementor-container elementor-column-gap-default\">\n\t\t\t\t\t<div class=\"elementor-column elementor-col-100 elementor-top-column elementor-element elementor-element-46312b71\" data-id=\"46312b71\" data-element_type=\"column\" data-e-type=\"column\">\n\t\t\t<div class=\"elementor-widget-wrap elementor-element-populated\">\n\t\t\t\t\t\t<div class=\"elementor-element elementor-element-26eaba77 elementor-widget elementor-widget-text-editor\" data-id=\"26eaba77\" data-element_type=\"widget\" data-e-type=\"widget\" data-widget_type=\"text-editor.default\">\n\t\t\t\t<div class=\"elementor-widget-container\">\n\t\t\t\t\t\t\t\t\t<p><\/p>\n<div><header>\n<div>\n<div>\u00a0<\/div>\n<\/div>\n<\/header>\n<div>\n<div>\n<p>\u00a0<\/p>\n<main>\n<p>\u00a0<\/p>\n<div>\n<div>\n<div data-elementor-type=\"wp-page\" data-elementor-id=\"3\">\n<section data-id=\"4b36e124\" data-element_type=\"section\">\n<div>\n<div data-id=\"4058e0a\" data-element_type=\"column\">\n<div>\n<div data-id=\"6b7698b\" data-element_type=\"widget\" data-widget_type=\"text-editor.default\">\n<div>\n<h3 class=\"wp-block-heading\">Kes me oleme<\/h3>\n<p>Sunsa is represented by Sunsa OU, Estonian company,\u00a0<span style=\"color: var( --e-global-color-text ); font-family: var( --e-global-typography-text-font-family ), Sans-serif; font-size: var( --e-global-typography-text-font-size ); background-color: var( --e-global-color-62b793d );\">Registration number 16426965<\/span><span style=\"color: var( --e-global-color-text ); font-family: var( --e-global-typography-text-font-family ), Sans-serif; font-size: var( --e-global-typography-text-font-size ); background-color: var( --e-global-color-62b793d );\">. This privacy policy will explain how our organization uses the personal data we collect from you when you use our website. Our website address is: https:\/\/sunsa.ee<\/span><\/p>\n<h3>Teemad:<\/h3>\n<ul>\n<li>Milliseid andmeid me kogume?<\/li>\n<li>Kuidas me teie andmeid kogume?<\/li>\n<li>Kuidas me teie andmeid kasutame?<\/li>\n<li>Kuidas me teie andmeid s\u00e4ilitame?<\/li>\n<li>Turundus<\/li>\n<li>Millised on teie andmekaitse\u00f5igused?<\/li>\n<li>Mis on k\u00fcpsised?<\/li>\n<li>Kuidas me k\u00fcpsiseid kasutame?<\/li>\n<li>Mis t\u00fc\u00fcpi k\u00fcpsiseid me kasutame?<\/li>\n<li>Kuidas k\u00fcpsiseid hallata<\/li>\n<li>Teiste veebisaitide privaatsuspoliitika<\/li>\n<li>Muudatused meie privaatsuspoliitikas<\/li>\n<li>Kuidas meiega \u00fchendust v\u00f5tta<\/li>\n<li>Kuidas v\u00f5tta \u00fchendust vastavate asutustega<\/li>\n<\/ul>\n<h3>Milliseid andmeid me kogume?<\/h3>\n<p>Meie ettev\u00f5te kogub j\u00e4rgmisi andmeid:<\/p>\n<p>Isikuandmed (nimi, e-posti aadress, telefoninumber jne)<\/p>\n<h3>Kuidas me teie andmeid kogume?<\/h3>\n<p>Te edastate meie ettev\u00f5ttele otse suurema osa meie kogutavatest andmetest. Kogume andmeid ja t\u00f6\u00f6tleme andmeid, kui:<\/p>\n<ul>\n<li>Registreeruge veebis v\u00f5i tellige mis tahes meie toode v\u00f5i teenus.<\/li>\n<li>T\u00e4itke vabatahtlikult kliendik\u00fcsitlus v\u00f5i andke tagasisidet m\u00f5nel meie teadetetahvlil v\u00f5i meili teel.<\/li>\n<li>Kasutage v\u00f5i vaadake meie veebisaiti oma brauseri k\u00fcpsiste kaudu.<\/li>\n<\/ul>\n<h3>Kuidas me teie andmeid kasutame?<\/h3>\n<p>Meie ettev\u00f5te kogub teie andmeid selleks, et saaksime:<\/p>\n<ul>\n<li>T\u00f6\u00f6tle oma tellimus, halda oma kontot.<\/li>\n<li>Saatke teile e-kiri eripakkumistega muude toodete ja teenuste kohta, mis meie arvates v\u00f5iksid teile meeldida<\/li>\n<\/ul>\n<p>Kui meie ettev\u00f5te t\u00f6\u00f6tleb teie tellimust, v\u00f5ib ta saata teie andmeid krediidireferentsib\u00fcroodele ja kasutada saadud teavet ka petturlike ostude v\u00e4ltimiseks.<\/p>\n<h3>Kuidas me teie andmeid s\u00e4ilitame?<\/h3>\n<p>Meie ettev\u00f5te hoiab teie andmeid turvaliselt meie serveris.<\/p>\n<p>Meie ettev\u00f5te hoiab teie andmeid seni, kuni te palute meil oma andmed eemaldada v\u00f5i kuni meie ettev\u00f5te otsustab need eemaldada. Kui peame teie andmed eemaldama, kustutame teie andmed, puhastades oma serveri andmebaasi ja kasutades muid t\u00f6\u00f6riistu.<\/p>\n<h3>Turundus<\/h3>\n<p>Meie ettev\u00f5te soovib teile saata teavet meie toodete ja teenuste kohta, mis meie arvates v\u00f5iksid teile meeldida.<\/p>\n<p>Kui olete n\u00f5ustunud turundusega, v\u00f5ite alati hiljem loobuda.<\/p>\n<p>Teil on igal ajal \u00f5igus keelata meie ettev\u00f5te teiega turunduseesm\u00e4rkidel \u00fchendust v\u00f5tmast v\u00f5i teie andmete edastamisest.<\/p>\n<p>Kui te ei soovi, et teiega enam turunduslikel eesm\u00e4rkidel \u00fchendust v\u00f5etakse, v\u00f5tke meiega \u00fchendust e-posti aadressil deniss.kimmo@sunsa.ee.<\/p>\n<h3>Millised on teie andmekaitse\u00f5igused?<\/h3>\n<p>Meie ettev\u00f5te soovib veenduda, et olete t\u00e4ielikult teadlik k\u00f5igist oma andmekaitse\u00f5igustest. Igal kasutajal on \u00f5igus j\u00e4rgmisele:<\/p>\n<ul>\n<li>Juurdep\u00e4\u00e4su\u00f5igus \u2013 Teil on \u00f5igus n\u00f5uda meie ettev\u00f5ttelt oma isikuandmete koopiaid. V\u00f5ime teilt selle teenuse eest v\u00f5tta v\u00e4ikese tasu.<\/li>\n<li>\u00d5igus parandusele \u2013 teil on \u00f5igus n\u00f5uda, et meie ettev\u00f5te parandaks mis tahes teabe, mis teie arvates on ebat\u00e4pne. Samuti on teil \u00f5igus n\u00f5uda, et meie ettev\u00f5te t\u00e4iendaks teavet, mis teie arvates on puudulik.<\/li>\n<li>Kustutamis\u00f5igus \u2013 Teil on teatud tingimustel \u00f5igus n\u00f5uda, et meie ettev\u00f5te kustutaks teie isikuandmed.<\/li>\n<li>\u00d5igus piirata t\u00f6\u00f6tlemist \u2013 Teil on \u00f5igus n\u00f5uda, et meie ettev\u00f5te piiraks teatud tingimustel Teie isikuandmete t\u00f6\u00f6tlemist.<\/li>\n<li>\u00d5igus esitada vastuv\u00e4iteid t\u00f6\u00f6tlemisele \u2013 Teil on teatud tingimustel \u00f5igus esitada vastuv\u00e4iteid meie ettev\u00f5tte poolt teie isikuandmete t\u00f6\u00f6tlemisele.<\/li>\n<li>\u00d5igus andmete teisaldatavusele \u2013 Teil on \u00f5igus n\u00f5uda, et meie ettev\u00f5te edastaks kogutud andmed teatud tingimustel teisele organisatsioonile v\u00f5i otse teile.<\/li>\n<\/ul>\n<p>Kui esitate p\u00e4ringu, on meil teile vastamiseks aega \u00fcks kuu. Kui soovite m\u00f5nda neist \u00f5igustest kasutada, v\u00f5tke meiega \u00fchendust meie e-posti aadressil: deniss.kimmo@sunsa.ee<\/p>\n<h3>Mis on k\u00fcpsised?<\/h3>\n<p>K\u00fcpsised on teie arvutisse paigutatud tekstifailid standardse Interneti-logi teabe ja k\u00fclastajate k\u00e4itumise teabe kogumiseks. Kui k\u00fclastate meie veebisaite, v\u00f5ime teilt k\u00fcpsiste v\u00f5i sarnase tehnoloogia abil automaatselt teavet koguda.<\/p>\n<p>Lisateabe saamiseks k\u00fclastage veebisaiti allaboutcookies.org.<\/p>\n<h3>Kuidas me k\u00fcpsiseid kasutame?<\/h3>\n<p>Meie ettev\u00f5te kasutab k\u00fcpsiseid mitmel viisil, et parandada teie kasutuskogemust meie veebisaidil, sealhulgas:<\/p>\n<ul>\n<li>Hoiame teid sisselogituna<\/li>\n<li>Arusaam, kuidas te meie veebisaiti kasutate<\/li>\n<li>Mis t\u00fc\u00fcpi k\u00fcpsiseid me kasutame?<\/li>\n<\/ul>\n<p>K\u00fcpsiseid on mitut t\u00fc\u00fcpi, kuid meie veebisait kasutab:<\/p>\n<ul>\n<li>Funktsionaalsus \u2013 meie ettev\u00f5te kasutab neid k\u00fcpsiseid, et tunneksime teid meie veebisaidil \u00e4ra ja m\u00e4letaksime teie eelnevalt valitud eelistusi. Need v\u00f5ivad h\u00f5lmata seda, millist keelt eelistate ja kus viibite. Kasutatakse nii esimese kui ka kolmanda osapoole k\u00fcpsiseid.<\/li>\n<li>Reklaam \u2013 meie ettev\u00f5te kasutab neid k\u00fcpsiseid, et koguda teavet teie veebisaidi k\u00fclastuse, vaadatud sisu, j\u00e4lgitud linkide ja teie brauseri, seadme ja teie IP-aadressi kohta teabe.<\/li>\n<\/ul>\n<p>Meie ettev\u00f5te jagab m\u00f5nikord nende andmete m\u00f5ningaid piiratud aspekte kolmandate osapooltega reklaamieesm\u00e4rkidel. Samuti v\u00f5ime jagada k\u00fcpsiste kaudu kogutud veebiandmeid oma reklaamipartneritega. See t\u00e4hendab, et kui k\u00fclastate m\u00f5nda teist veebisaiti, v\u00f5idakse teile n\u00e4idata reklaame, mis p\u00f5hinevad teie sirvimisharjumustel meie veebisaidil.<\/p>\n<h3>Kuidas k\u00fcpsiseid hallata<\/h3>\n<p>Saate m\u00e4\u00e4rata oma brauseri k\u00fcpsiseid mitte vastu v\u00f5tma ja \u00fclaltoodud veebisait annab teile teada, kuidas brauserist k\u00fcpsiseid eemaldada. Kuid m\u00f5nel juhul ei pruugi m\u00f5ned meie veebisaidi funktsioonid seet\u00f5ttu toimida.<\/p>\n<h3>Teiste veebisaitide privaatsuspoliitika<\/h3>\n<p>Meie ettev\u00f5tte veebisait sisaldab linke teistele veebisaitidele. Meie privaatsuspoliitika kehtib ainult meie veebisaidi kohta, seega kui kl\u00f5psate m\u00f5nele teisele veebisaidile viival lingil, peaksite lugema selle privaatsuspoliitikat.<\/p>\n<h3>Muudatused meie privaatsuspoliitikas<\/h3>\n<p>Our Company keeps its privacy policy under regular review and places any updates on this web page. This privacy policy was last updated on 01 February 2024.<\/p>\n<h3>Kuidas meiega \u00fchendust v\u00f5tta<\/h3>\n<p>Kui teil on k\u00fcsimusi meie ettev\u00f5tte privaatsuspoliitika v\u00f5i teie kohta s\u00e4ilitatavate andmete kohta v\u00f5i soovite kasutada m\u00f5nda oma andmekaitse\u00f5igust, v\u00f5tke meiega kindlasti \u00fchendust.<\/p>\n<p>Email us at: contact@sunsa.ee<\/p>\n<p>Or write to us at: <span data-teams=\"true\"><span class=\"ui-provider a b c d e f g h i j k l m n o p q r s t u v w x y z ab ac ae af ag ah ai aj ak\" dir=\"ltr\">Arenduse tn 6, Kohtla-J\u00e4rve, 30328 Ida-Viru maakond, Estonia<\/span><\/span><\/p>\n<h3>Kuidas v\u00f5tta \u00fchendust vastavate asutustega<\/h3>\n<p>Estonian Data Protection Inspectorate (Andmekaitse Inspektsioon)<\/p>\n<p>Tatari 39 10134 Tallinn<\/p>\n<p>Tel.\u00a0<a href=\"tel:+3726828712\">+372 6828 712<\/a><\/p>\n<p>Email:\u00a0<a href=\"mailto:info@aki.ee\">info@aki.ee<\/a><\/p>\n<p style=\"margin-bottom: 0.9rem;\">Website:\u00a0<a href=\"http:\/\/www.aki.ee\/\">http:\/\/www.aki.ee<\/a><\/p>\n<\/div>\n<\/div>\n<\/div>\n<\/div>\n<\/div>\n<\/section>\n<\/div>\n<\/div>\n<\/div>\n<p>\u00a0<\/p>\n<\/main><\/div>\n<\/div>\n<\/div>\n<p><\/p>\t\t\t\t\t\t\t\t<\/div>\n\t\t\t\t<\/div>\n\t\t\t\t\t<\/div>\n\t\t<\/div>\n\t\t\t\t\t<\/div>\n\t\t<\/section>\n\t\t\t\t<\/div>","protected":false},"excerpt":{"rendered":"<p>\u00a0 \u00a0 \u00a0 Who we are Sunsa is represented by Sunsa OU, Estonian company,\u00a0Registration number 16426965. This privacy policy will explain how our organization uses the personal data we collect from you when you use our website. Our website address is: https:\/\/sunsa.ee Topics: What data do we collect? How do we collect your data? How will we use your data? How do we store your data? Marketing What are your data protection rights? What are cookies? How do we use cookies? What types of cookies do we use? How to manage your cookies Privacy policies of other websites Changes to our privacy policy How to contact us How to contact the appropriate authorities What data do we collect? Our Company collects the following data: Personal identification information (Name, email address, phone number, etc.) How do we collect your data? You directly provide Our Company with most of the data we collect. We collect data and process data when you: Register online or place an order for any of our products or services. Voluntarily complete a customer survey or provide feedback on any of our message boards or via email. Use or view our website via your browser\u2019s cookies. How will we use your data? Our Company collects your data so that we can: Process your order, manage your account. Email you with special offers on other products and services we think you might like When Our Company processes your order, it may send your data to, and also use the resulting information from, credit reference agencies to prevent fraudulent purchases. How do we store your data? Our Company securely stores your data at our server. Our Company will keep your data until you will ask us to remove your data, or until Our Company decide to remove it . Once we will have to remove your data, we will delete your data by cleaning the database on our server and through other tools. Marketing Our Company would like to send you information about products and services of ours that we think you might like. If you have agreed to receive marketing, you may always opt out at a later date. You have the right at any time to stop Our Company from contacting you for marketing purposes or giving your data. If you no longer wish to be contacted for marketing purposes, please contact us via e-mail deniss.kimmo@sunsa.ee. What are your data protection rights? Our Company would like to make sure you are fully aware of all of your data protection rights. Every user is entitled to the following: The right to access \u2013 You have the right to request Our Company for copies of your personal data. We may charge you a small fee for this service. The right to rectification \u2013 You have the right to request that Our Company correct any information you believe is inaccurate. You also have the right to request Our Company to complete information you believe is incomplete. The right to erasure \u2013 You have the right to request that Our Company erase your personal data, under certain conditions. The right to restrict processing \u2013 You have the right to request that Our Company restrict the processing of your personal data, under certain conditions. The right to object to processing \u2013 You have the right to object to Our Company\u2019s processing of your personal data, under certain conditions. The right to data portability \u2013 You have the right to request that Our Company transfer the data that we have collected to another organization, or directly to you, under certain conditions. If you make a request, we have one month to respond to you. If you would like to exercise any of these rights, please contact us at our email: deniss.kimmo@sunsa.ee What are cookies? Cookies are text files placed on your computer to collect standard Internet log information and visitor behavior information. When you visit our websites, we may collect information from you automatically through cookies or similar technology. For further information, visit allaboutcookies.org. How do we use cookies? Our Company uses cookies in a range of ways to improve your experience on our website, including: Keeping you signed in Understanding how you use our website What types of cookies do we use? There are a number of different types of cookies, however, our website uses: Functionality \u2013 Our Company uses these cookies so that we recognize you on our website and remember your previously selected preferences. These could include what language you prefer and location you are in. A mix of first-party and third-party cookies are used. Advertising \u2013 Our Company uses these cookies to collect information about your visit to our website, the content you viewed, the links you followed and information about your browser, device, and your IP address. Our Company sometimes shares some limited aspects of this data with third parties for advertising purposes. We may also share online data collected through cookies with our advertising partners. This means that when you visit another website, you may be shown advertising based on your browsing patterns on our website. How to manage cookies You can set your browser not to accept cookies, and the above website tells you how to remove cookies from your browser. However, in a few cases, some of our website features may not function as a result. Privacy policies of other websites The Our Company website contains links to other websites. Our privacy policy applies only to our website, so if you click on a link to another website, you should read their privacy policy. Changes to our privacy policy Our Company keeps its privacy policy under regular review and places any updates on this web page. This privacy policy was last updated on 01 February 2024. How to contact us If you have any questions about Our Company\u2019s privacy policy, the data we hold on you, or you would like to exercise one of your data protection rights, please do not hesitate to contact us&#8230;.<\/p>","protected":false},"author":2,"featured_media":0,"parent":0,"menu_order":0,"comment_status":"closed","ping_status":"open","template":"","meta":{"footnotes":""},"class_list":["post-1170","page","type-page","status-publish","hentry"],"yoast_head":"<!-- This site is optimized with the Yoast SEO plugin v27.3 - https:\/\/yoast.com\/product\/yoast-seo-wordpress\/ -->\n<title>Privacy Policy - Sunsa<\/title>\n<meta name=\"description\" content=\"Sunsa\u2019s Privacy Policy explains how we collect, use, and protect your personal data in compliance with GDPR.\" \/>\n<meta name=\"robots\" content=\"index, follow, max-snippet:-1, max-image-preview:large, max-video-preview:-1\" \/>\n<link rel=\"canonical\" href=\"https:\/\/sunsa.ee\/et\/privacy-policy\/\" \/>\n<meta property=\"og:locale\" content=\"et_EE\" \/>\n<meta property=\"og:type\" content=\"article\" \/>\n<meta property=\"og:title\" content=\"Privacy Policy - Sunsa\" \/>\n<meta property=\"og:description\" content=\"Sunsa\u2019s Privacy Policy explains how we collect, use, and protect your personal data in compliance with GDPR.\" \/>\n<meta property=\"og:url\" content=\"https:\/\/sunsa.ee\/et\/privacy-policy\/\" \/>\n<meta property=\"og:site_name\" content=\"Sunsa\" \/>\n<meta property=\"article:modified_time\" content=\"2026-02-06T07:29:24+00:00\" \/>\n<meta name=\"twitter:card\" content=\"summary_large_image\" \/>\n<meta name=\"twitter:site\" content=\"@Sunsaou\" \/>\n<meta name=\"twitter:label1\" content=\"Est. reading time\" \/>\n\t<meta name=\"twitter:data1\" content=\"5 minutit\" \/>\n<script type=\"application\/ld+json\" class=\"yoast-schema-graph\">{\"@context\":\"https:\\\/\\\/schema.org\",\"@graph\":[{\"@type\":\"WebPage\",\"@id\":\"https:\\\/\\\/sunsa.ee\\\/privacy-policy\\\/\",\"url\":\"https:\\\/\\\/sunsa.ee\\\/privacy-policy\\\/\",\"name\":\"Privacy Policy - Sunsa\",\"isPartOf\":{\"@id\":\"https:\\\/\\\/sunsa.ee\\\/#website\"},\"datePublished\":\"2023-03-01T11:12:58+00:00\",\"dateModified\":\"2026-02-06T07:29:24+00:00\",\"description\":\"Sunsa\u2019s Privacy Policy explains how we collect, use, and protect your personal data in compliance with GDPR.\",\"breadcrumb\":{\"@id\":\"https:\\\/\\\/sunsa.ee\\\/privacy-policy\\\/#breadcrumb\"},\"inLanguage\":\"et\",\"potentialAction\":[{\"@type\":\"ReadAction\",\"target\":[\"https:\\\/\\\/sunsa.ee\\\/privacy-policy\\\/\"]}]},{\"@type\":\"BreadcrumbList\",\"@id\":\"https:\\\/\\\/sunsa.ee\\\/privacy-policy\\\/#breadcrumb\",\"itemListElement\":[{\"@type\":\"ListItem\",\"position\":1,\"name\":\"Home\",\"item\":\"https:\\\/\\\/sunsa.ee\\\/\"},{\"@type\":\"ListItem\",\"position\":2,\"name\":\"Privacy Policy\"}]},{\"@type\":\"WebSite\",\"@id\":\"https:\\\/\\\/sunsa.ee\\\/#website\",\"url\":\"https:\\\/\\\/sunsa.ee\\\/\",\"name\":\"Sunsa\",\"description\":\"Build a solar farm with Sunsa, a green energy solution provider\",\"publisher\":{\"@id\":\"https:\\\/\\\/sunsa.ee\\\/#organization\"},\"potentialAction\":[{\"@type\":\"SearchAction\",\"target\":{\"@type\":\"EntryPoint\",\"urlTemplate\":\"https:\\\/\\\/sunsa.ee\\\/?s={search_term_string}\"},\"query-input\":{\"@type\":\"PropertyValueSpecification\",\"valueRequired\":true,\"valueName\":\"search_term_string\"}}],\"inLanguage\":\"et\"},{\"@type\":\"Organization\",\"@id\":\"https:\\\/\\\/sunsa.ee\\\/#organization\",\"name\":\"Sunsa O\u00dc\",\"url\":\"https:\\\/\\\/sunsa.ee\\\/\",\"logo\":{\"@type\":\"ImageObject\",\"inLanguage\":\"et\",\"@id\":\"https:\\\/\\\/sunsa.ee\\\/#\\\/schema\\\/logo\\\/image\\\/\",\"url\":\"https:\\\/\\\/sunsa.ee\\\/wp-content\\\/uploads\\\/2023\\\/03\\\/Group-81-1.png\",\"contentUrl\":\"https:\\\/\\\/sunsa.ee\\\/wp-content\\\/uploads\\\/2023\\\/03\\\/Group-81-1.png\",\"width\":931,\"height\":312,\"caption\":\"Sunsa O\u00dc\"},\"image\":{\"@id\":\"https:\\\/\\\/sunsa.ee\\\/#\\\/schema\\\/logo\\\/image\\\/\"},\"sameAs\":[\"https:\\\/\\\/x.com\\\/Sunsaou\",\"https:\\\/\\\/www.linkedin.com\\\/company\\\/sunsarenewables\"]}]}<\/script>\n<!-- \/ Yoast SEO plugin. -->","yoast_head_json":{"title":"Privacy Policy - Sunsa","description":"Sunsa\u2019s Privacy Policy explains how we collect, use, and protect your personal data in compliance with GDPR.","robots":{"index":"index","follow":"follow","max-snippet":"max-snippet:-1","max-image-preview":"max-image-preview:large","max-video-preview":"max-video-preview:-1"},"canonical":"https:\/\/sunsa.ee\/et\/privacy-policy\/","og_locale":"et_EE","og_type":"article","og_title":"Privacy Policy - Sunsa","og_description":"Sunsa\u2019s Privacy Policy explains how we collect, use, and protect your personal data in compliance with GDPR.","og_url":"https:\/\/sunsa.ee\/et\/privacy-policy\/","og_site_name":"Sunsa","article_modified_time":"2026-02-06T07:29:24+00:00","twitter_card":"summary_large_image","twitter_site":"@Sunsaou","twitter_misc":{"Est. reading time":"5 minutit"},"schema":{"@context":"https:\/\/schema.org","@graph":[{"@type":"WebPage","@id":"https:\/\/sunsa.ee\/privacy-policy\/","url":"https:\/\/sunsa.ee\/privacy-policy\/","name":"Privacy Policy - Sunsa","isPartOf":{"@id":"https:\/\/sunsa.ee\/#website"},"datePublished":"2023-03-01T11:12:58+00:00","dateModified":"2026-02-06T07:29:24+00:00","description":"Sunsa\u2019s Privacy Policy explains how we collect, use, and protect your personal data in compliance with GDPR.","breadcrumb":{"@id":"https:\/\/sunsa.ee\/privacy-policy\/#breadcrumb"},"inLanguage":"et","potentialAction":[{"@type":"ReadAction","target":["https:\/\/sunsa.ee\/privacy-policy\/"]}]},{"@type":"BreadcrumbList","@id":"https:\/\/sunsa.ee\/privacy-policy\/#breadcrumb","itemListElement":[{"@type":"ListItem","position":1,"name":"Home","item":"https:\/\/sunsa.ee\/"},{"@type":"ListItem","position":2,"name":"Privacy Policy"}]},{"@type":"WebSite","@id":"https:\/\/sunsa.ee\/#website","url":"https:\/\/sunsa.ee\/","name":"Sunsa","description":"Build a solar farm with Sunsa, a green energy solution provider","publisher":{"@id":"https:\/\/sunsa.ee\/#organization"},"potentialAction":[{"@type":"SearchAction","target":{"@type":"EntryPoint","urlTemplate":"https:\/\/sunsa.ee\/?s={search_term_string}"},"query-input":{"@type":"PropertyValueSpecification","valueRequired":true,"valueName":"search_term_string"}}],"inLanguage":"et"},{"@type":"Organization","@id":"https:\/\/sunsa.ee\/#organization","name":"Sunsa O\u00dc","url":"https:\/\/sunsa.ee\/","logo":{"@type":"ImageObject","inLanguage":"et","@id":"https:\/\/sunsa.ee\/#\/schema\/logo\/image\/","url":"https:\/\/sunsa.ee\/wp-content\/uploads\/2023\/03\/Group-81-1.png","contentUrl":"https:\/\/sunsa.ee\/wp-content\/uploads\/2023\/03\/Group-81-1.png","width":931,"height":312,"caption":"Sunsa O\u00dc"},"image":{"@id":"https:\/\/sunsa.ee\/#\/schema\/logo\/image\/"},"sameAs":["https:\/\/x.com\/Sunsaou","https:\/\/www.linkedin.com\/company\/sunsarenewables"]}]}},"_links":{"self":[{"href":"https:\/\/sunsa.ee\/et\/wp-json\/wp\/v2\/pages\/1170","targetHints":{"allow":["GET"]}}],"collection":[{"href":"https:\/\/sunsa.ee\/et\/wp-json\/wp\/v2\/pages"}],"about":[{"href":"https:\/\/sunsa.ee\/et\/wp-json\/wp\/v2\/types\/page"}],"author":[{"embeddable":true,"href":"https:\/\/sunsa.ee\/et\/wp-json\/wp\/v2\/users\/2"}],"replies":[{"embeddable":true,"href":"https:\/\/sunsa.ee\/et\/wp-json\/wp\/v2\/comments?post=1170"}],"version-history":[{"count":20,"href":"https:\/\/sunsa.ee\/et\/wp-json\/wp\/v2\/pages\/1170\/revisions"}],"predecessor-version":[{"id":4351,"href":"https:\/\/sunsa.ee\/et\/wp-json\/wp\/v2\/pages\/1170\/revisions\/4351"}],"wp:attachment":[{"href":"https:\/\/sunsa.ee\/et\/wp-json\/wp\/v2\/media?parent=1170"}],"curies":[{"name":"wp","href":"https:\/\/api.w.org\/{rel}","templated":true}]}}